{"id":46,"date":"2012-02-27T22:44:36","date_gmt":"2012-02-27T21:44:36","guid":{"rendered":"http:\/\/www.handtovat.se\/?page_id=46"},"modified":"2020-12-30T16:22:50","modified_gmt":"2020-12-30T15:22:50","slug":"om-handtovat","status":"publish","type":"page","link":"https:\/\/www.handtovat.se\/?page_id=46","title":{"rendered":"Om handtovat"},"content":{"rendered":"<div id=\"stcpDiv\">\n<p>En kort bakgrund om mig sj\u00e4lv:<\/p>\n<p><em>Min f\u00f6rsta kurs i tovning gick jag p\u00e5 B\u00e4ckedals Folkh\u00f6gskola i Sveg, sommaren 1996. Min l\u00e4rare var Gunilla Paetau Sj\u00f6berg &#8211; sedan dess har jag varit &#8221;fast&#8221; f\u00f6r tovning. Efter denna sommarkurs har det blivit ytterligare tv\u00e5 p\u00e5 B\u00e4ckedals Folkh\u00f6gskola, (samma l\u00e4rare) sedan en sommarkurs p\u00e5 Gotland, \u00e5tskilliga kurser p\u00e5 F\u00e5rfesterna i Kil och f\u00f6rutom detta s\u00e5 har jag under tv\u00e5 terminer g\u00e5tt p\u00e5 &#8221;Ullakademin&#8221;, Kyrkeruds Folkh\u00f6gskola i \u00c5rj\u00e4ng och en kurs p\u00e5 S\u00e4tergl\u00e4ntan i Insj\u00f6n mm. Tovar i m\u00e5nga olika tekniker. M\u00e5lar ocks\u00e5 p\u00e5 siden. G\u00f6r alster, som kan anv\u00e4ndas till b\u00e5de &#8221;vardag och fest&#8221;!<\/em><\/p>\n<p><em>\u00c5r 2014 bildades &#8221;Sl\u00f6jd och Hantverk fr\u00e5n V\u00e4rmland ekonomisk f\u00f6rening&#8221;. Vi \u00e4r 7 medlemmar alla med olika inriktning. V\u00e5r butik, d\u00e4r jag s\u00e4ljer alla mina alster, ligger p\u00e5 Alsters Herrg\u00e5rd, ca 1 mil utanf\u00f6r Karlstad mot Kristinehamnsh\u00e5llet&#8230; Det var f\u00f6rresten d\u00e4r som Gustaf Fr\u00f6ding f\u00f6ddes. Erh\u00e5llit utm\u00e4rkelsen\u00a0&#8221;Utm\u00e4rkt V\u00e4rml\u00e4ndsk Sl\u00f6jdare&#8221; f\u00f6r mina alster, av L\u00e4nshemsl\u00f6jdsf\u00f6reningen i V\u00e4rmland. <\/em><\/p>\n<p><em>V\u00e5ra \u00f6ppettider kan Du se p\u00e5 www.alstersherrg\u00e5rd.se. V\u00e5r hemsida www.slojdhantverkvarmland.se<br \/>\n<\/em><\/p>\n<p><em>Vartefter s\u00e5 l\u00e4gger jag ut nya foton p\u00e5 det jag gjort. M\u00e5nga av de alster, som jag lagt upp p\u00e5 min hemsida \u00e4r s\u00e5lda men \u00e4r Du intresserad av n\u00e5got speciellt s\u00e5 h\u00f6r av Dig till mig s\u00e5 f\u00e5r Du veta mer&#8230; <\/em><\/p>\n<p><em>Min e-postadress: birgitta [snabel-a] wiss.se.<\/em><br \/>\nBirgitta Wiss, Torsby<\/p>\n<\/div>\n","protected":false},"excerpt":{"rendered":"<p>En kort bakgrund om mig sj\u00e4lv: Min f\u00f6rsta kurs i tovning gick jag p\u00e5 B\u00e4ckedals Folkh\u00f6gskola i Sveg, sommaren 1996. Min l\u00e4rare var Gunilla Paetau Sj\u00f6berg &#8211; sedan dess har jag varit &#8221;fast&#8221; f\u00f6r tovning. Efter denna sommarkurs har det blivit ytterligare tv\u00e5 p\u00e5 B\u00e4ckedals Folkh\u00f6gskola, (samma l\u00e4rare) sedan en sommarkurs p\u00e5 Gotland, \u00e5tskilliga kurser &hellip; <a href=\"https:\/\/www.handtovat.se\/?page_id=46\" class=\"more-link\">Forts\u00e4tt l\u00e4sa<span class=\"screen-reader-text\"> \u201dOm handtovat\u201d<\/span><\/a><\/p>\n","protected":false},"author":1,"featured_media":0,"parent":0,"menu_order":0,"comment_status":"closed","ping_status":"open","template":"","meta":{"footnotes":""},"class_list":["post-46","page","type-page","status-publish","hentry"],"_links":{"self":[{"href":"https:\/\/www.handtovat.se\/index.php?rest_route=\/wp\/v2\/pages\/46","targetHints":{"allow":["GET"]}}],"collection":[{"href":"https:\/\/www.handtovat.se\/index.php?rest_route=\/wp\/v2\/pages"}],"about":[{"href":"https:\/\/www.handtovat.se\/index.php?rest_route=\/wp\/v2\/types\/page"}],"author":[{"embeddable":true,"href":"https:\/\/www.handtovat.se\/index.php?rest_route=\/wp\/v2\/users\/1"}],"replies":[{"embeddable":true,"href":"https:\/\/www.handtovat.se\/index.php?rest_route=%2Fwp%2Fv2%2Fcomments&post=46"}],"version-history":[{"count":19,"href":"https:\/\/www.handtovat.se\/index.php?rest_route=\/wp\/v2\/pages\/46\/revisions"}],"predecessor-version":[{"id":1981,"href":"https:\/\/www.handtovat.se\/index.php?rest_route=\/wp\/v2\/pages\/46\/revisions\/1981"}],"wp:attachment":[{"href":"https:\/\/www.handtovat.se\/index.php?rest_route=%2Fwp%2Fv2%2Fmedia&parent=46"}],"curies":[{"name":"wp","href":"https:\/\/api.w.org\/{rel}","templated":true}]}}